{"id":947,"date":"2022-01-18T10:53:44","date_gmt":"2022-01-18T08:53:44","guid":{"rendered":"https:\/\/www.geopool.fi\/careers\/"},"modified":"2023-10-20T14:36:20","modified_gmt":"2023-10-20T11:36:20","slug":"karriar","status":"publish","type":"page","link":"https:\/\/geopool-se.wikstrommedia.dev\/sv\/karriar\/","title":{"rendered":"Karri\u00e4r"},"content":{"rendered":"\n<div class=\"wp-block-cover has-background-dim has-parallax wm-header -subPage wm-blockColor -bcTransparent\" style=\"background-image:url(https:\/\/geopool.wikstrommedia.dev\/wp-content\/uploads\/2022\/01\/geopool_careers.jpg)\"><div class=\"wp-block-cover__inner-container\">\n<div class=\"wp-block-columns row\">\n<div class=\"wp-block-column col\">\n<h1 class=\"has-text-align-center\">KARRI\u00c4R<\/h1>\n<\/div>\n<\/div>\n<\/div><\/div>\n\n\n\n<div class=\"wp-block-group wm-pt-12 pb-0 wm-blockColor -bcWhite\"><div class=\"wp-block-group__inner-container\">\n<div class=\"wp-block-columns justify-content-center row\">\n<div class=\"wp-block-column col col-md-8 col-12\">\n<h3 class=\"has-text-align-center wp-block-heading\">KOM UPPT\u00c4CK TILLSAMMANS MED OSS!<\/h3>\n\n\n\n<p class=\"has-text-align-center\"><strong>Vi rekryterar nya GeoPoolers till v\u00e5r expertorganisation. <\/strong>GeoPool erbjuder ett brett utbud av karri\u00e4rm\u00f6jligheter inom prospektering och geologisk forskning.<\/p>\n\n\n\n<p class=\"has-text-align-center\">P\u00e5 GeoPool kan du utveckla din kompetens genom att arbeta i olika skeden av prospektering med en m\u00e4ngd olika kunder verksamma i de nordiska l\u00e4nderna. Inom v\u00e5r organisation har du m\u00f6jlighet att tillhandah\u00e5lla l\u00f6sningar som gynnar v\u00e5ra kunder, lokalsamh\u00e4llen och hela branschen. Nyckeln till framg\u00e5ngsrik prospektering \u00e4r, enligt oss, att f\u00f6rtj\u00e4na och beh\u00e5lla det sociala f\u00f6rtroendet f\u00f6r att bedriva fortsatt verksamhet.<\/p>\n<\/div>\n<\/div>\n<\/div><\/div>\n\n\n\n<div class=\"wp-block-group wm-pt-12 wm-blockColor -bcWhite\"><div class=\"wp-block-group__inner-container\">\n<div class=\"wp-block-columns row\">\n<div class=\"wp-block-column col\">\n<h5 class=\"has-text-align-center wm-mb-5 wp-block-heading\">LEDIGA TJ\u00c4NSTER<\/h5>\n\n\n        <div class=\"row wm-jobs\">\r\n                            <div class=\"col-12 col-sm-6 col-lg-4\"> \r\n                    <div class=\"wm-card -white\">\r\n                    <div class=\"wm-card__inner\">\r\n                        <div>\r\n                        <div class=\"wm-card__image\">\r\n                            <img decoding=\"async\" width=\"500\" height=\"368\" src=\"https:\/\/geopool-se.wikstrommedia.dev\/wp-content\/uploads\/sites\/2\/2022\/01\/03_expert-geoscientist-500x368.jpg\" class=\"attachment-medium size-medium wp-post-image\" alt=\"\" srcset=\"https:\/\/geopool-se.wikstrommedia.dev\/wp-content\/uploads\/sites\/2\/2022\/01\/03_expert-geoscientist-500x368.jpg 500w, https:\/\/geopool-se.wikstrommedia.dev\/wp-content\/uploads\/sites\/2\/2022\/01\/03_expert-geoscientist.jpg 604w\" sizes=\"(max-width: 500px) 100vw, 500px\" \/> \r\n                        <\/div>\r\n                        <div class=\"wm-card__text\">\r\n                            <h6 class=\"open-sans\">Expert geovetare<\/h6>\r\n                            <p>GeoPool s\u00f6ker experter inom prospekterings- och gruvindustrin f\u00f6r att st\u00f6dja v\u00e5ra geologiska tj\u00e4nster och f\u00f6r att utveckla v\u00e5r tj\u00e4nsteportf\u00f6lj. <\/p>\n                        <\/div>\r\n                        <\/div>\r\n                        <div class=\"wp-block-buttons\">\r\n                        <div class=\"wp-block-button\">\r\n                            <a class=\"wp-block-button__link\" href=\"https:\/\/geopool-se.wikstrommedia.dev\/sv\/job\/expert-geovetare\/\">Read more<\/a> \r\n                        <\/div> \r\n                        <\/div>\r\n                    <\/div>\r\n                    <\/div>\r\n                <\/div>\r\n                            <div class=\"col-12 col-sm-6 col-lg-4\"> \r\n                    <div class=\"wm-card -white\">\r\n                    <div class=\"wm-card__inner\">\r\n                        <div>\r\n                        <div class=\"wm-card__image\">\r\n                            <img decoding=\"async\" width=\"500\" height=\"368\" src=\"https:\/\/geopool-se.wikstrommedia.dev\/wp-content\/uploads\/sites\/2\/2022\/01\/04_senior-geologist-500x368.jpg\" class=\"attachment-medium size-medium wp-post-image\" alt=\"\" srcset=\"https:\/\/geopool-se.wikstrommedia.dev\/wp-content\/uploads\/sites\/2\/2022\/01\/04_senior-geologist-500x368.jpg 500w, https:\/\/geopool-se.wikstrommedia.dev\/wp-content\/uploads\/sites\/2\/2022\/01\/04_senior-geologist.jpg 604w\" sizes=\"(max-width: 500px) 100vw, 500px\" \/> \r\n                        <\/div>\r\n                        <div class=\"wm-card__text\">\r\n                            <h6 class=\"open-sans\">Senior prospekterings&shy;geolog<\/h6>\r\n                            <p>GeoPool s\u00f6ker en erfaren prospekteringsgeolog f\u00f6r att organisera och leda v\u00e5r f\u00e4ltverksamhet. Tj\u00e4nsten \u00e4r en tillsvidareanst\u00e4llning med tilltr\u00e4de s\u00e5 snart som m\u00f6jligt.<\/p>\n                        <\/div>\r\n                        <\/div>\r\n                        <div class=\"wp-block-buttons\">\r\n                        <div class=\"wp-block-button\">\r\n                            <a class=\"wp-block-button__link\" href=\"https:\/\/geopool-se.wikstrommedia.dev\/sv\/job\/senior-prospekteringsgeolog\/\">Read more<\/a> \r\n                        <\/div> \r\n                        <\/div>\r\n                    <\/div>\r\n                    <\/div>\r\n                <\/div>\r\n                            <div class=\"col-12 col-sm-6 col-lg-4\"> \r\n                    <div class=\"wm-card -white\">\r\n                    <div class=\"wm-card__inner\">\r\n                        <div>\r\n                        <div class=\"wm-card__image\">\r\n                            <img decoding=\"async\" width=\"500\" height=\"368\" src=\"https:\/\/geopool-se.wikstrommedia.dev\/wp-content\/uploads\/sites\/2\/2022\/01\/05_malminetsintageologi-500x368.jpg\" class=\"attachment-medium size-medium wp-post-image\" alt=\"\" srcset=\"https:\/\/geopool-se.wikstrommedia.dev\/wp-content\/uploads\/sites\/2\/2022\/01\/05_malminetsintageologi-500x368.jpg 500w, https:\/\/geopool-se.wikstrommedia.dev\/wp-content\/uploads\/sites\/2\/2022\/01\/05_malminetsintageologi.jpg 604w\" sizes=\"(max-width: 500px) 100vw, 500px\" \/> \r\n                        <\/div>\r\n                        <div class=\"wm-card__text\">\r\n                            <h6 class=\"open-sans\">Prospekterings&shy;geolog<\/h6>\r\n                            <p>Vi s\u00f6ker mineralprospekteringsgeologer som kan ta hand om den praktiska organisationen av f\u00e4ltunders\u00f6kningar och rapporteringen av geologiska prover.<\/p>\n                        <\/div>\r\n                        <\/div>\r\n                        <div class=\"wp-block-buttons\">\r\n                        <div class=\"wp-block-button\">\r\n                            <a class=\"wp-block-button__link\" href=\"https:\/\/geopool-se.wikstrommedia.dev\/sv\/job\/prospekteringsgeolog\/\">Read more<\/a> \r\n                        <\/div> \r\n                        <\/div>\r\n                    <\/div>\r\n                    <\/div>\r\n                <\/div>\r\n                            <div class=\"col-12 col-sm-6 col-lg-4\"> \r\n                    <div class=\"wm-card -white\">\r\n                    <div class=\"wm-card__inner\">\r\n                        <div>\r\n                        <div class=\"wm-card__image\">\r\n                            <img decoding=\"async\" width=\"500\" height=\"368\" src=\"https:\/\/geopool-se.wikstrommedia.dev\/wp-content\/uploads\/sites\/2\/2022\/01\/06_teknikko-500x368.jpg\" class=\"attachment-medium size-medium wp-post-image\" alt=\"\" srcset=\"https:\/\/geopool-se.wikstrommedia.dev\/wp-content\/uploads\/sites\/2\/2022\/01\/06_teknikko-500x368.jpg 500w, https:\/\/geopool-se.wikstrommedia.dev\/wp-content\/uploads\/sites\/2\/2022\/01\/06_teknikko.jpg 604w\" sizes=\"(max-width: 500px) 100vw, 500px\" \/> \r\n                        <\/div>\r\n                        <div class=\"wm-card__text\">\r\n                            <h6 class=\"open-sans\">Tekniker<\/h6>\r\n                            <p>Vi s\u00f6ker motiverade och sj\u00e4lvg\u00e5ende tekniker f\u00f6r att st\u00f6dja v\u00e5r mineralprospekteringsverksamhet. Jobbet \u00e4r tillsvidare och kommer att starta s\u00e5 snart som m\u00f6jligt. Arbetsplatsen \u00e4r bel\u00e4gen p\u00e5 projektplatsen, huvudsakligen i norra Finland. Arbetet kan inneb\u00e4ra resor eller rotationsarrangemang.<\/p>\n                        <\/div>\r\n                        <\/div>\r\n                        <div class=\"wp-block-buttons\">\r\n                        <div class=\"wp-block-button\">\r\n                            <a class=\"wp-block-button__link\" href=\"https:\/\/geopool-se.wikstrommedia.dev\/sv\/job\/tekniker\/\">Read more<\/a> \r\n                        <\/div> \r\n                        <\/div>\r\n                    <\/div>\r\n                    <\/div>\r\n                <\/div>\r\n                    <\/div>\r\n\r\n    \n<\/div>\n<\/div>\n<\/div><\/div>\n","protected":false},"excerpt":{"rendered":"<p>KARRI\u00c4R KOM UPPT\u00c4CK TILLSAMMANS MED OSS! Vi rekryterar nya GeoPoolers till v\u00e5r expertorganisation. GeoPool erbjuder ett brett utbud av karri\u00e4rm\u00f6jligheter inom prospektering och geologisk forskning. P\u00e5 GeoPool kan du utveckla din kompetens genom att arbeta i olika skeden av prospektering med en m\u00e4ngd olika kunder verksamma i de nordiska l\u00e4nderna. Inom v\u00e5r organisation har du &#8230; <a title=\"Karri\u00e4r\" class=\"read-more\" href=\"https:\/\/geopool-se.wikstrommedia.dev\/sv\/karriar\/\" aria-label=\"L\u00e4s mer om Karri\u00e4r\">L\u00e4s mer<\/a><\/p>\n","protected":false},"author":2,"featured_media":0,"parent":0,"menu_order":0,"comment_status":"closed","ping_status":"closed","template":"","meta":{"inline_featured_image":false,"footnotes":""},"class_list":["post-947","page","type-page","status-publish"],"yoast_head":"<!-- This site is optimized with the Yoast SEO plugin v24.3 - https:\/\/yoast.com\/wordpress\/plugins\/seo\/ -->\n<title>Karri\u00e4r - Sub site<\/title>\n<meta name=\"description\" content=\"GeoPool offers a wide range of career path possibilities in the scope of exploration and geological research.\" \/>\n<meta name=\"robots\" content=\"index, follow, max-snippet:-1, max-image-preview:large, max-video-preview:-1\" \/>\n<link rel=\"canonical\" href=\"https:\/\/geopool-se.wikstrommedia.dev\/sv\/karriar\/\" \/>\n<meta property=\"og:locale\" content=\"sv_SE\" \/>\n<meta property=\"og:type\" content=\"article\" \/>\n<meta property=\"og:title\" content=\"Karri\u00e4r - Sub site\" \/>\n<meta property=\"og:description\" content=\"GeoPool offers a wide range of career path possibilities in the scope of exploration and geological research.\" \/>\n<meta property=\"og:url\" content=\"https:\/\/geopool-se.wikstrommedia.dev\/sv\/karriar\/\" \/>\n<meta property=\"og:site_name\" content=\"Sub site\" \/>\n<meta property=\"article:modified_time\" content=\"2023-10-20T11:36:20+00:00\" \/>\n<meta name=\"twitter:card\" content=\"summary_large_image\" \/>\n<meta name=\"twitter:label1\" content=\"Ber\u00e4knad l\u00e4stid\" \/>\n\t<meta name=\"twitter:data1\" content=\"1 minut\" \/>\n<script type=\"application\/ld+json\" class=\"yoast-schema-graph\">{\"@context\":\"https:\/\/schema.org\",\"@graph\":[{\"@type\":\"WebPage\",\"@id\":\"https:\/\/geopool-se.wikstrommedia.dev\/sv\/karriar\/\",\"url\":\"https:\/\/geopool-se.wikstrommedia.dev\/sv\/karriar\/\",\"name\":\"Karri\u00e4r - Sub site\",\"isPartOf\":{\"@id\":\"https:\/\/geopool-se.wikstrommedia.dev\/#website\"},\"datePublished\":\"2022-01-18T08:53:44+00:00\",\"dateModified\":\"2023-10-20T11:36:20+00:00\",\"description\":\"GeoPool offers a wide range of career path possibilities in the scope of exploration and geological research.\",\"breadcrumb\":{\"@id\":\"https:\/\/geopool-se.wikstrommedia.dev\/sv\/karriar\/#breadcrumb\"},\"inLanguage\":\"sv-SE\",\"potentialAction\":[{\"@type\":\"ReadAction\",\"target\":[\"https:\/\/geopool-se.wikstrommedia.dev\/sv\/karriar\/\"]}]},{\"@type\":\"BreadcrumbList\",\"@id\":\"https:\/\/geopool-se.wikstrommedia.dev\/sv\/karriar\/#breadcrumb\",\"itemListElement\":[{\"@type\":\"ListItem\",\"position\":1,\"name\":\"Home\",\"item\":\"https:\/\/geopool-se.wikstrommedia.dev\/\"},{\"@type\":\"ListItem\",\"position\":2,\"name\":\"Karri\u00e4r\"}]},{\"@type\":\"WebSite\",\"@id\":\"https:\/\/geopool-se.wikstrommedia.dev\/#website\",\"url\":\"https:\/\/geopool-se.wikstrommedia.dev\/\",\"name\":\"Sub site\",\"description\":\"Discovering together\",\"publisher\":{\"@id\":\"https:\/\/geopool-se.wikstrommedia.dev\/#organization\"},\"potentialAction\":[{\"@type\":\"SearchAction\",\"target\":{\"@type\":\"EntryPoint\",\"urlTemplate\":\"https:\/\/geopool-se.wikstrommedia.dev\/?s={search_term_string}\"},\"query-input\":{\"@type\":\"PropertyValueSpecification\",\"valueRequired\":true,\"valueName\":\"search_term_string\"}}],\"inLanguage\":\"sv-SE\"},{\"@type\":\"Organization\",\"@id\":\"https:\/\/geopool-se.wikstrommedia.dev\/#organization\",\"name\":\"Sub site\",\"url\":\"https:\/\/geopool-se.wikstrommedia.dev\/\",\"logo\":{\"@type\":\"ImageObject\",\"inLanguage\":\"sv-SE\",\"@id\":\"https:\/\/geopool-se.wikstrommedia.dev\/#\/schema\/logo\/image\/\",\"url\":\"https:\/\/geopool-se.wikstrommedia.dev\/wp-content\/uploads\/sites\/2\/2022\/01\/geopool_logo.svg\",\"contentUrl\":\"https:\/\/geopool-se.wikstrommedia.dev\/wp-content\/uploads\/sites\/2\/2022\/01\/geopool_logo.svg\",\"caption\":\"Sub site\"},\"image\":{\"@id\":\"https:\/\/geopool-se.wikstrommedia.dev\/#\/schema\/logo\/image\/\"}}]}<\/script>\n<!-- \/ Yoast SEO plugin. -->","yoast_head_json":{"title":"Karri\u00e4r - Sub site","description":"GeoPool offers a wide range of career path possibilities in the scope of exploration and geological research.","robots":{"index":"index","follow":"follow","max-snippet":"max-snippet:-1","max-image-preview":"max-image-preview:large","max-video-preview":"max-video-preview:-1"},"canonical":"https:\/\/geopool-se.wikstrommedia.dev\/sv\/karriar\/","og_locale":"sv_SE","og_type":"article","og_title":"Karri\u00e4r - Sub site","og_description":"GeoPool offers a wide range of career path possibilities in the scope of exploration and geological research.","og_url":"https:\/\/geopool-se.wikstrommedia.dev\/sv\/karriar\/","og_site_name":"Sub site","article_modified_time":"2023-10-20T11:36:20+00:00","twitter_card":"summary_large_image","twitter_misc":{"Ber\u00e4knad l\u00e4stid":"1 minut"},"schema":{"@context":"https:\/\/schema.org","@graph":[{"@type":"WebPage","@id":"https:\/\/geopool-se.wikstrommedia.dev\/sv\/karriar\/","url":"https:\/\/geopool-se.wikstrommedia.dev\/sv\/karriar\/","name":"Karri\u00e4r - Sub site","isPartOf":{"@id":"https:\/\/geopool-se.wikstrommedia.dev\/#website"},"datePublished":"2022-01-18T08:53:44+00:00","dateModified":"2023-10-20T11:36:20+00:00","description":"GeoPool offers a wide range of career path possibilities in the scope of exploration and geological research.","breadcrumb":{"@id":"https:\/\/geopool-se.wikstrommedia.dev\/sv\/karriar\/#breadcrumb"},"inLanguage":"sv-SE","potentialAction":[{"@type":"ReadAction","target":["https:\/\/geopool-se.wikstrommedia.dev\/sv\/karriar\/"]}]},{"@type":"BreadcrumbList","@id":"https:\/\/geopool-se.wikstrommedia.dev\/sv\/karriar\/#breadcrumb","itemListElement":[{"@type":"ListItem","position":1,"name":"Home","item":"https:\/\/geopool-se.wikstrommedia.dev\/"},{"@type":"ListItem","position":2,"name":"Karri\u00e4r"}]},{"@type":"WebSite","@id":"https:\/\/geopool-se.wikstrommedia.dev\/#website","url":"https:\/\/geopool-se.wikstrommedia.dev\/","name":"Sub site","description":"Discovering together","publisher":{"@id":"https:\/\/geopool-se.wikstrommedia.dev\/#organization"},"potentialAction":[{"@type":"SearchAction","target":{"@type":"EntryPoint","urlTemplate":"https:\/\/geopool-se.wikstrommedia.dev\/?s={search_term_string}"},"query-input":{"@type":"PropertyValueSpecification","valueRequired":true,"valueName":"search_term_string"}}],"inLanguage":"sv-SE"},{"@type":"Organization","@id":"https:\/\/geopool-se.wikstrommedia.dev\/#organization","name":"Sub site","url":"https:\/\/geopool-se.wikstrommedia.dev\/","logo":{"@type":"ImageObject","inLanguage":"sv-SE","@id":"https:\/\/geopool-se.wikstrommedia.dev\/#\/schema\/logo\/image\/","url":"https:\/\/geopool-se.wikstrommedia.dev\/wp-content\/uploads\/sites\/2\/2022\/01\/geopool_logo.svg","contentUrl":"https:\/\/geopool-se.wikstrommedia.dev\/wp-content\/uploads\/sites\/2\/2022\/01\/geopool_logo.svg","caption":"Sub site"},"image":{"@id":"https:\/\/geopool-se.wikstrommedia.dev\/#\/schema\/logo\/image\/"}}]}},"_links":{"self":[{"href":"https:\/\/geopool-se.wikstrommedia.dev\/sv\/wp-json\/wp\/v2\/pages\/947","targetHints":{"allow":["GET"]}}],"collection":[{"href":"https:\/\/geopool-se.wikstrommedia.dev\/sv\/wp-json\/wp\/v2\/pages"}],"about":[{"href":"https:\/\/geopool-se.wikstrommedia.dev\/sv\/wp-json\/wp\/v2\/types\/page"}],"author":[{"embeddable":true,"href":"https:\/\/geopool-se.wikstrommedia.dev\/sv\/wp-json\/wp\/v2\/users\/2"}],"replies":[{"embeddable":true,"href":"https:\/\/geopool-se.wikstrommedia.dev\/sv\/wp-json\/wp\/v2\/comments?post=947"}],"version-history":[{"count":0,"href":"https:\/\/geopool-se.wikstrommedia.dev\/sv\/wp-json\/wp\/v2\/pages\/947\/revisions"}],"wp:attachment":[{"href":"https:\/\/geopool-se.wikstrommedia.dev\/sv\/wp-json\/wp\/v2\/media?parent=947"}],"curies":[{"name":"wp","href":"https:\/\/api.w.org\/{rel}","templated":true}]}}