{"id":509,"date":"2021-11-12T16:32:23","date_gmt":"2021-11-12T14:32:23","guid":{"rendered":"https:\/\/geopool.dev.wikstrommedia.fi\/?page_id=509"},"modified":"2024-03-26T13:02:11","modified_gmt":"2024-03-26T11:02:11","slug":"start","status":"publish","type":"page","link":"https:\/\/geopool-se.wikstrommedia.dev\/sv\/start\/","title":{"rendered":"Start"},"content":{"rendered":"\n<div class=\"wp-block-cover is-light is-repeated py-0 wm-frontPageHeaderContainer wm-blockColor -bcTransparent\"><span aria-hidden=\"true\" class=\"wp-block-cover__background has-background-dim\"><\/span><div role=\"img\" class=\"wp-block-cover__image-background wp-image-60 is-repeated\" style=\"background-position:50% 50%;background-image:url(https:\/\/geopool.wikstrommedia.dev\/wp-content\/uploads\/2022\/01\/geokemiallista-naytteenottoa-2.png)\"><\/div><div class=\"wp-block-cover__inner-container\">\n<div class=\"wp-block-columns wm-header -full justify-content-center row\">\n<div class=\"wp-block-column col\">\n<h1 class=\"wp-block-heading has-text-align-center wm-rfs-h-144\">DISCOVERING<br>TOGETHER<\/h1>\n\n\n\n<div class=\"wp-block-columns justify-content-center row\">\n<div class=\"wp-block-column col col-md-7 col-sm-9 col-12\">\n<p class=\"has-text-align-center\">P\u00e5 GeoPool erbjuder vi professionella tj\u00e4nster f\u00f6r mineralprospektering och geologisk forskning. Vi \u00e4r din lokala partner i alla skeden av mineralprospekteringen.<\/p>\n<\/div>\n<\/div>\n\n\n\r\n    <div class=\"wm-scrollArrow\">\r\n      <a class=\"anchor-link\" href=\"#services\">\r\n        <span class=\"wm-mouseIcon\">\r\n          <span class=\"wm-mouseIcon__dot\"><\/span>\r\n          <i class=\"fal fa-arrow-down\"><\/i>\r\n        <\/span> \r\n      <\/a>\r\n    <\/div>\r\n\r\n    \n\n\n\r\n    <div class=\"wm-some\">\r\n        <a href='https:\/\/www.facebook.com\/geopoolLtd' target='_blank' rel='nofollow'><i class='fab fa-facebook-f'><\/i><\/a><a href='https:\/\/www.instagram.com\/geopool_ltd\/' target='_blank' rel='nofollow'><i class='fab fa-instagram'><\/i><\/a><a href='https:\/\/twitter.com\/GeoPool_Ltd' target='_blank' rel='nofollow'><i class='fab fa-twitter'><\/i><\/a><a href='https:\/\/www.linkedin.com\/company\/ab-scandinavian-geopool-ltd\/' target='_blank' rel='nofollow'><i class='fab fa-linkedin-in'><\/i><\/a>            \r\n    <\/div>\r\n\r\n    \n<\/div>\n<\/div>\n\n\n\n<div class=\"wp-block-columns wm-pt-vertical-section row\" id=\"services\">\n<div class=\"wp-block-column col\"><div class=\"wm-separator -center wm-mb-headings\">   \r\n    <div class=\"wm-separator__inner\">\r\n        \n\n<h4 class=\"wp-block-heading\">01<\/h4>\n\n     \r\n    <\/div>  \r\n<\/div>\n\n\n<h2 class=\"wp-block-heading has-text-align-center wm-mb-12\">V\u00c5RA TJ\u00c4NSTER<\/h2>\n\n\n\n<div class=\"wp-block-columns row\">\n<div class=\"wp-block-column col\">    <div class=\"row wm-serviceCards justify-content-center\"> \r\n              <div class=\"col-12 col-sm-6 col-lg-4\"> \r\n            <div class=\"wm-card\">\r\n              <div class=\"wm-card__inner\">\r\n                <div>\r\n                  <div class=\"wm-card__image\">\r\n                      <img decoding=\"async\" width=\"424\" height=\"209\" src=\"https:\/\/geopool-se.wikstrommedia.dev\/wp-content\/uploads\/sites\/2\/2022\/01\/01_01_01_geological-services_1.png\" class=\"attachment-full size-full wp-post-image\" alt=\"\" srcset=\"https:\/\/geopool-se.wikstrommedia.dev\/wp-content\/uploads\/sites\/2\/2022\/01\/01_01_01_geological-services_1.png 424w, https:\/\/geopool-se.wikstrommedia.dev\/wp-content\/uploads\/sites\/2\/2022\/01\/01_01_01_geological-services_1-300x148.png 300w\" sizes=\"(max-width: 424px) 100vw, 424px\" \/>                  <\/div>\r\n                  <div class=\"wm-card__text\">\r\n                    <h4>F\u00e4lt&shy;tj\u00e4nster<\/h4>\r\n                    <p>Med omfattande erfarenhet av prospektering inom Fennoskandien genomf\u00f6r vi f\u00e4ltprogram s\u00e4kert och ansvarsfullt med minimal milj\u00f6p\u00e5verkan. Dessutom tillhandah\u00e5ller vi kvalitetsdata och geologiska tolkningar f\u00f6r projektgenerering.<\/p>\n                  <\/div>\r\n                <\/div>\r\n                <div class=\"wp-block-buttons\">\r\n                  <div class=\"wp-block-button\">\r\n                    <a class=\"wp-block-button__link\" href=\"https:\/\/geopool-se.wikstrommedia.dev\/sv\/service\/falttjanster\/\">Explore more<\/a> \r\n                  <\/div> \r\n                <\/div>\r\n              <\/div>\r\n            <\/div>\r\n        <\/div>\r\n                <div class=\"col-12 col-sm-6 col-lg-4\"> \r\n            <div class=\"wm-card\">\r\n              <div class=\"wm-card__inner\">\r\n                <div>\r\n                  <div class=\"wm-card__image\">\r\n                      <img decoding=\"async\" width=\"424\" height=\"209\" src=\"https:\/\/geopool-se.wikstrommedia.dev\/wp-content\/uploads\/sites\/2\/2025\/02\/01_01_02_tenement-management_1.png\" class=\"attachment-full size-full wp-post-image\" alt=\"\" \/>                  <\/div>\r\n                  <div class=\"wm-card__text\">\r\n                    <h4>Tillst\u00e5nds&shy;tj\u00e4nster<\/h4>\r\n                    <p>GeoPool hanterar tillst\u00e5nd f\u00f6r prospektering i Finland, Sverige och Norge. Vi uppr\u00e4tth\u00e5ller goda relationer med de lokala myndigheterna f\u00f6r en smidig utveckling av dina prospekteringsprojekt.<\/p>\n                  <\/div>\r\n                <\/div>\r\n                <div class=\"wp-block-buttons\">\r\n                  <div class=\"wp-block-button\">\r\n                    <a class=\"wp-block-button__link\" href=\"https:\/\/geopool-se.wikstrommedia.dev\/sv\/service\/tillstandstjanster\/\">Explore more<\/a> \r\n                  <\/div> \r\n                <\/div>\r\n              <\/div>\r\n            <\/div>\r\n        <\/div>\r\n                <div class=\"col-12 col-sm-6 col-lg-4\"> \r\n            <div class=\"wm-card\">\r\n              <div class=\"wm-card__inner\">\r\n                <div>\r\n                  <div class=\"wm-card__image\">\r\n                      <img decoding=\"async\" width=\"424\" height=\"209\" src=\"https:\/\/geopool-se.wikstrommedia.dev\/wp-content\/uploads\/sites\/2\/2022\/01\/01_01_03_project-management_2.png\" class=\"attachment-full size-full wp-post-image\" alt=\"\" srcset=\"https:\/\/geopool-se.wikstrommedia.dev\/wp-content\/uploads\/sites\/2\/2022\/01\/01_01_03_project-management_2.png 424w, https:\/\/geopool-se.wikstrommedia.dev\/wp-content\/uploads\/sites\/2\/2022\/01\/01_01_03_project-management_2-300x148.png 300w\" sizes=\"(max-width: 424px) 100vw, 424px\" \/>                  <\/div>\r\n                  <div class=\"wm-card__text\">\r\n                    <h4>Konsult&shy;tj\u00e4nster<\/h4>\r\n                    <p>GeoPool har erfarenhet av att drifts\u00e4tta nya prospekteringsprojekt och etablera lokala baser f\u00f6r att st\u00f6dja verksamheten p\u00e5 f\u00e4ltet. Vi sk\u00f6ter f\u00f6retagsadministrationen enligt de lokala reglerna f\u00f6r att ditt f\u00f6retag kan fokusera p\u00e5 det v\u00e4sentliga.<\/p>\n                  <\/div>\r\n                <\/div>\r\n                <div class=\"wp-block-buttons\">\r\n                  <div class=\"wp-block-button\">\r\n                    <a class=\"wp-block-button__link\" href=\"https:\/\/geopool-se.wikstrommedia.dev\/sv\/service\/konsulttjanster\/\">Explore more<\/a> \r\n                  <\/div> \r\n                <\/div>\r\n              <\/div>\r\n            <\/div>\r\n        <\/div>\r\n            <\/div>\r\n\r\n    \n<\/div>\n<\/div>\n<\/div>\n<\/div>\n<\/div><\/div>\n\n\n\n<div class=\"wp-block-group wm-blockColor -bcTransparent\"><div class=\"wp-block-group__inner-container\">\n<div class=\"wp-block-columns align-items-center gy-row row\">\n<div class=\"wp-block-column col col-md-6 col-12\"><div class=\"wm-separator -left wm-mb-2\">   \r\n    <div class=\"wm-separator__inner\">\r\n        \n\n<h4 class=\"wp-block-heading\">02<\/h4>\n\n     \r\n    <\/div>  \r\n<\/div>\n\n\n<h2 class=\"wp-block-heading has-text-align-center-sm\">GEOPOOL<\/h2>\n\n\n\n<p>GeoPool \u00e4r en p\u00e5litlig leverant\u00f6r av helt\u00e4ckande tj\u00e4nster f\u00f6r mineralprospektering. Vi verkar globalt med fokus p\u00e5 Finland, Sverige och Norge, d\u00e4r vi har lokal insikt i marknaderna, spr\u00e5ken och lagstiftningen. V\u00e5ra kunder \u00e4r f\u00f6retag som arbetar f\u00f6r att s\u00e4kra r\u00e5varor f\u00f6r framtida generationer.<\/p>\n\n\n\n<p>GeoPools experter har l\u00e5ng erfarenhet av mineralprospektering, allt fr\u00e5n f\u00e4ltarbete till projektledning, information, licensiering och juridisk r\u00e5dgivning, vilket g\u00f6r oss unika i branschen. Genom v\u00e5r verksamhet sammanf\u00f6r vi prospekterings- och gruvbolag, intressenter, mark\u00e4gare och tillsynsmyndigheter.<\/p>\n\n\n\n<p><em><strong>Skr\u00e4ddarsydd expertis f\u00f6r ansvarsfull prospektering.<\/strong><\/em><\/p>\n\n\n\n<div class=\"wp-block-buttons wm-mt-5\">\n<div class=\"wp-block-button\"><a class=\"wp-block-button__link wp-element-button\" href=\"https:\/\/geopool.wikstrommedia.dev\/sv\/foretaget\/#vart-team\">V\u00e5rt team<\/a><\/div>\n<\/div>\n<\/div>\n\n\n\n<div class=\"wp-block-column col col-md-6 col-12\">\n<figure class=\"wp-block-image size-full\"><img decoding=\"async\" width=\"798\" height=\"647\" src=\"https:\/\/geopool.wikstrommedia.dev\/wp-content\/uploads\/2022\/01\/01_02_geopool.png\" alt=\"\" class=\"wp-image-443\" srcset=\"https:\/\/geopool-se.wikstrommedia.dev\/wp-content\/uploads\/sites\/2\/2022\/01\/01_02_geopool.png 798w, https:\/\/geopool-se.wikstrommedia.dev\/wp-content\/uploads\/sites\/2\/2022\/01\/01_02_geopool-300x243.png 300w, https:\/\/geopool-se.wikstrommedia.dev\/wp-content\/uploads\/sites\/2\/2022\/01\/01_02_geopool-768x623.png 768w\" sizes=\"(max-width: 798px) 100vw, 798px\" \/><\/figure>\n<\/div>\n<\/div>\n<\/div><\/div>\n\n\n\n<div class=\"wp-block-group pt-0 d-none wm-blockColor -bcTransparent\"><div class=\"wp-block-group__inner-container\">\n<div class=\"wp-block-columns flex-wrap-reverse align-items-center gx-4 gx-lg-8 gx-xxl-12 gx-xxxl-16 gy-row row\">\n<div class=\"wp-block-column col col-md-6 col-12\">\r\n    <div class=\"wm-rangeCarousel\">\r\n        <div class=\"wm-rangeCarousel__carousel\">\r\n                            <div class=\"wm-rangeCarousel__carouselItem\">\r\n                    <div class=\"wm-rangeCarousel__carouselItemImage\">\r\n                        <img decoding=\"async\" src=\"https:\/\/geopool.wikstrommedia.dev\/wp-content\/uploads\/2022\/02\/01_03_asd-products_01-1-1.jpg\">\r\n                    <\/div>\r\n                    <div class=\"wm-rangeCarousel__carouselItemDesc work-sans\">\r\n                        <b>ASD TerraSpec<\/b> range is designed for mineral exploration.                    <\/div> \r\n                <\/div>\r\n                            <div class=\"wm-rangeCarousel__carouselItem\">\r\n                    <div class=\"wm-rangeCarousel__carouselItemImage\">\r\n                        <img decoding=\"async\" src=\"https:\/\/geopool.wikstrommedia.dev\/wp-content\/uploads\/2022\/01\/group-277.png\">\r\n                    <\/div>\r\n                    <div class=\"wm-rangeCarousel__carouselItemDesc work-sans\">\r\n                        <b>ASD FieldSpec<\/b> range is suitable for remote sensing applications.                    <\/div> \r\n                <\/div>\r\n                            <div class=\"wm-rangeCarousel__carouselItem\">\r\n                    <div class=\"wm-rangeCarousel__carouselItemImage\">\r\n                        <img decoding=\"async\" src=\"https:\/\/geopool.wikstrommedia.dev\/wp-content\/uploads\/2022\/01\/group-278.png\">\r\n                    <\/div>\r\n                    <div class=\"wm-rangeCarousel__carouselItemDesc work-sans\">\r\n                        <b>ASD LabSpec<\/b> range fills the requirements of laboratory analysis.                    <\/div> \r\n                <\/div>\r\n                            <div class=\"wm-rangeCarousel__carouselItem\">\r\n                    <div class=\"wm-rangeCarousel__carouselItemImage\">\r\n                        <img decoding=\"async\" src=\"https:\/\/geopool.wikstrommedia.dev\/wp-content\/uploads\/2022\/01\/group-280.png\">\r\n                    <\/div>\r\n                    <div class=\"wm-rangeCarousel__carouselItemDesc work-sans\">\r\n                        <b>ASD QualitySpec<\/b> range can be used in industrial quality monitoring.                    <\/div> \r\n                <\/div>\r\n                    <\/div>\r\n        <div class=\"wm-rangeCarousel__arrows\">\r\n            <button class=\"wm-rangeCarousel__arrow -prev\"><i class=\"far fa-chevron-left\"><\/i><\/button>\r\n            <button class=\"wm-rangeCarousel__arrow -next\"><i class=\"far fa-chevron-right\"><\/i><\/button> \r\n        <\/div>\r\n    <\/div>\r\n\r\n    \n<\/div>\n\n\n\n<div class=\"wp-block-column col col-md-6 col-12\"><div class=\"wm-separator -left wm-mb-2\">   \r\n    <div class=\"wm-separator__inner\">\r\n        \n\n<h4 class=\"wp-block-heading\">03<\/h4>\n\n     \r\n    <\/div>  \r\n<\/div>\n\n\n<h2 class=\"wp-block-heading has-text-align-center-sm\">ASD PRODUCTS<\/h2>\n\n\n\n<p>We are a proud distributor of a selection of powerful exploration tools from Malvern Panalytical Ltd. The ASD range instruments include field-portable full-range UV\/Vis\/NIR\/SWIR spectrometers and spectroradiometers. Spectrometers detect the molecular structure of the target material in real-time, which can be applied in, for instance, mineral identification, alteration mapping and analysis. Spectroradiometers are also suitable for remote sensing and ground-truthing. <\/p>\n\n\n\n<p>At GeoPool, we use in-house ASD spectrometers to record alteration zoning both effectively and objectively.<\/p>\n\n\n\n<div class=\"wp-block-buttons wm-mt-5\">\n<div class=\"wp-block-button\"><a class=\"wp-block-button__link wp-element-button\" href=\"https:\/\/geopool.wikstrommedia.dev\/products\/\">ASD product catalogue<\/a><\/div>\n<\/div>\n<\/div>\n<\/div>\n<\/div><\/div>\n\n\n\n<div class=\"wp-block-cover wm-blockColor -bcTransparent\"><span aria-hidden=\"true\" class=\"wp-block-cover__background has-background-dim\"><\/span><img decoding=\"async\" width=\"1920\" height=\"1280\" class=\"wp-block-cover__image-background wp-image-74\" alt=\"\" src=\"https:\/\/geopool.wikstrommedia.dev\/wp-content\/uploads\/2022\/01\/contact-banner-bg.png\" style=\"object-position:50% 32%\" data-object-fit=\"cover\" data-object-position=\"50% 32%\" srcset=\"https:\/\/geopool-se.wikstrommedia.dev\/wp-content\/uploads\/sites\/2\/2022\/01\/contact-banner-bg.png 1920w, https:\/\/geopool-se.wikstrommedia.dev\/wp-content\/uploads\/sites\/2\/2022\/01\/contact-banner-bg-300x200.png 300w, https:\/\/geopool-se.wikstrommedia.dev\/wp-content\/uploads\/sites\/2\/2022\/01\/contact-banner-bg-1024x683.png 1024w, https:\/\/geopool-se.wikstrommedia.dev\/wp-content\/uploads\/sites\/2\/2022\/01\/contact-banner-bg-768x512.png 768w, https:\/\/geopool-se.wikstrommedia.dev\/wp-content\/uploads\/sites\/2\/2022\/01\/contact-banner-bg-1536x1024.png 1536w\" sizes=\"(max-width: 1920px) 100vw, 1920px\" \/><div class=\"wp-block-cover__inner-container\">\n<div class=\"wp-block-columns row\">\n<div class=\"wp-block-column col\"><div class=\"wm-separator -center wm-mb-headings\">   \r\n    <div class=\"wm-separator__inner\">\r\n        \n\n<h4 class=\"wp-block-heading\"> 03<\/h4>\n\n     \r\n    <\/div>  \r\n<\/div>\n\n\n<h2 class=\"wp-block-heading has-text-align-center\">KONTAKTA OSS<\/h2>\n\n\n\n<p class=\"has-text-align-center work-sans\">Planerar du prospektering i Fennoskandien? <br>Beh\u00f6ver du hj\u00e4lp med ditt nuvarande prospekteringsprogram? <\/p>\n\n\n\n<p class=\"has-text-align-center work-sans\"><strong>Kontakta oss! Vi levererar en skr\u00e4ddarsydd prospekteringsl\u00f6sning f\u00f6r ditt f\u00f6retag.<\/strong><\/p>\n\n\n\n<div class=\"wp-block-buttons justify-content-center\">\n<div class=\"wp-block-button\"><a class=\"wp-block-button__link wp-element-button\" href=\"https:\/\/geopool.wikstrommedia.dev\/sv\/kontakt\/\">V\u00e5r kontaktinformation<\/a><\/div>\n<\/div>\n<\/div>\n<\/div>\n<\/div><\/div>\n","protected":false},"excerpt":{"rendered":"<p>GEOPOOL GeoPool \u00e4r en p\u00e5litlig leverant\u00f6r av helt\u00e4ckande tj\u00e4nster f\u00f6r mineralprospektering. Vi verkar globalt med fokus p\u00e5 Finland, Sverige och Norge, d\u00e4r vi har lokal insikt i marknaderna, spr\u00e5ken och lagstiftningen. V\u00e5ra kunder \u00e4r f\u00f6retag som arbetar f\u00f6r att s\u00e4kra r\u00e5varor f\u00f6r framtida generationer. GeoPools experter har l\u00e5ng erfarenhet av mineralprospektering, allt fr\u00e5n f\u00e4ltarbete till &#8230; <a title=\"Start\" class=\"read-more\" href=\"https:\/\/geopool-se.wikstrommedia.dev\/sv\/start\/\" aria-label=\"L\u00e4s mer om Start\">L\u00e4s mer<\/a><\/p>\n","protected":false},"author":2,"featured_media":0,"parent":0,"menu_order":0,"comment_status":"closed","ping_status":"closed","template":"","meta":{"inline_featured_image":false,"footnotes":""},"class_list":["post-509","page","type-page","status-publish"],"yoast_head":"<!-- This site is optimized with the Yoast SEO plugin v24.3 - https:\/\/yoast.com\/wordpress\/plugins\/seo\/ -->\n<title>Sub site - Discovering together<\/title>\n<meta name=\"description\" content=\"At GeoPool, we offer professional services and equipment for mineral exploration and research in the Nordic countries.\" \/>\n<meta name=\"robots\" content=\"index, follow, max-snippet:-1, max-image-preview:large, max-video-preview:-1\" \/>\n<link rel=\"canonical\" href=\"https:\/\/geopool-se.wikstrommedia.dev\/sv\/\" \/>\n<meta property=\"og:locale\" content=\"sv_SE\" \/>\n<meta property=\"og:type\" content=\"article\" \/>\n<meta property=\"og:title\" content=\"Sub site - Discovering together\" \/>\n<meta property=\"og:description\" content=\"At GeoPool, we offer professional services and equipment for mineral exploration and research in the Nordic countries.\" \/>\n<meta property=\"og:url\" content=\"https:\/\/geopool-se.wikstrommedia.dev\/sv\/\" \/>\n<meta property=\"og:site_name\" content=\"Sub site\" \/>\n<meta property=\"article:modified_time\" content=\"2024-03-26T11:02:11+00:00\" \/>\n<meta property=\"og:image\" content=\"https:\/\/geopool.wikstrommedia.dev\/wp-content\/uploads\/2022\/01\/01_02_geopool.png\" \/>\n<meta name=\"twitter:card\" content=\"summary_large_image\" \/>\n<meta name=\"twitter:label1\" content=\"Ber\u00e4knad l\u00e4stid\" \/>\n\t<meta name=\"twitter:data1\" content=\"2 minuter\" \/>\n<script type=\"application\/ld+json\" class=\"yoast-schema-graph\">{\"@context\":\"https:\/\/schema.org\",\"@graph\":[{\"@type\":\"WebPage\",\"@id\":\"https:\/\/geopool-se.wikstrommedia.dev\/sv\/\",\"url\":\"https:\/\/geopool-se.wikstrommedia.dev\/sv\/\",\"name\":\"Sub site - Discovering together\",\"isPartOf\":{\"@id\":\"https:\/\/geopool-se.wikstrommedia.dev\/#website\"},\"primaryImageOfPage\":{\"@id\":\"https:\/\/geopool-se.wikstrommedia.dev\/sv\/#primaryimage\"},\"image\":{\"@id\":\"https:\/\/geopool-se.wikstrommedia.dev\/sv\/#primaryimage\"},\"thumbnailUrl\":\"https:\/\/geopool.wikstrommedia.dev\/wp-content\/uploads\/2022\/01\/01_02_geopool.png\",\"datePublished\":\"2021-11-12T14:32:23+00:00\",\"dateModified\":\"2024-03-26T11:02:11+00:00\",\"description\":\"At GeoPool, we offer professional services and equipment for mineral exploration and research in the Nordic countries.\",\"breadcrumb\":{\"@id\":\"https:\/\/geopool-se.wikstrommedia.dev\/sv\/#breadcrumb\"},\"inLanguage\":\"sv-SE\",\"potentialAction\":[{\"@type\":\"ReadAction\",\"target\":[\"https:\/\/geopool-se.wikstrommedia.dev\/sv\/\"]}]},{\"@type\":\"ImageObject\",\"inLanguage\":\"sv-SE\",\"@id\":\"https:\/\/geopool-se.wikstrommedia.dev\/sv\/#primaryimage\",\"url\":\"https:\/\/geopool.wikstrommedia.dev\/wp-content\/uploads\/2022\/01\/01_02_geopool.png\",\"contentUrl\":\"https:\/\/geopool.wikstrommedia.dev\/wp-content\/uploads\/2022\/01\/01_02_geopool.png\"},{\"@type\":\"BreadcrumbList\",\"@id\":\"https:\/\/geopool-se.wikstrommedia.dev\/sv\/#breadcrumb\",\"itemListElement\":[{\"@type\":\"ListItem\",\"position\":1,\"name\":\"Home\",\"item\":\"https:\/\/geopool-se.wikstrommedia.dev\/\"},{\"@type\":\"ListItem\",\"position\":2,\"name\":\"Start\"}]},{\"@type\":\"WebSite\",\"@id\":\"https:\/\/geopool-se.wikstrommedia.dev\/#website\",\"url\":\"https:\/\/geopool-se.wikstrommedia.dev\/\",\"name\":\"Sub site\",\"description\":\"Discovering together\",\"publisher\":{\"@id\":\"https:\/\/geopool-se.wikstrommedia.dev\/#organization\"},\"potentialAction\":[{\"@type\":\"SearchAction\",\"target\":{\"@type\":\"EntryPoint\",\"urlTemplate\":\"https:\/\/geopool-se.wikstrommedia.dev\/?s={search_term_string}\"},\"query-input\":{\"@type\":\"PropertyValueSpecification\",\"valueRequired\":true,\"valueName\":\"search_term_string\"}}],\"inLanguage\":\"sv-SE\"},{\"@type\":\"Organization\",\"@id\":\"https:\/\/geopool-se.wikstrommedia.dev\/#organization\",\"name\":\"Sub site\",\"url\":\"https:\/\/geopool-se.wikstrommedia.dev\/\",\"logo\":{\"@type\":\"ImageObject\",\"inLanguage\":\"sv-SE\",\"@id\":\"https:\/\/geopool-se.wikstrommedia.dev\/#\/schema\/logo\/image\/\",\"url\":\"https:\/\/geopool-se.wikstrommedia.dev\/wp-content\/uploads\/sites\/2\/2022\/01\/geopool_logo.svg\",\"contentUrl\":\"https:\/\/geopool-se.wikstrommedia.dev\/wp-content\/uploads\/sites\/2\/2022\/01\/geopool_logo.svg\",\"caption\":\"Sub site\"},\"image\":{\"@id\":\"https:\/\/geopool-se.wikstrommedia.dev\/#\/schema\/logo\/image\/\"}}]}<\/script>\n<!-- \/ Yoast SEO plugin. -->","yoast_head_json":{"title":"Sub site - Discovering together","description":"At GeoPool, we offer professional services and equipment for mineral exploration and research in the Nordic countries.","robots":{"index":"index","follow":"follow","max-snippet":"max-snippet:-1","max-image-preview":"max-image-preview:large","max-video-preview":"max-video-preview:-1"},"canonical":"https:\/\/geopool-se.wikstrommedia.dev\/sv\/","og_locale":"sv_SE","og_type":"article","og_title":"Sub site - Discovering together","og_description":"At GeoPool, we offer professional services and equipment for mineral exploration and research in the Nordic countries.","og_url":"https:\/\/geopool-se.wikstrommedia.dev\/sv\/","og_site_name":"Sub site","article_modified_time":"2024-03-26T11:02:11+00:00","og_image":[{"url":"https:\/\/geopool.wikstrommedia.dev\/wp-content\/uploads\/2022\/01\/01_02_geopool.png","type":"","width":"","height":""}],"twitter_card":"summary_large_image","twitter_misc":{"Ber\u00e4knad l\u00e4stid":"2 minuter"},"schema":{"@context":"https:\/\/schema.org","@graph":[{"@type":"WebPage","@id":"https:\/\/geopool-se.wikstrommedia.dev\/sv\/","url":"https:\/\/geopool-se.wikstrommedia.dev\/sv\/","name":"Sub site - Discovering together","isPartOf":{"@id":"https:\/\/geopool-se.wikstrommedia.dev\/#website"},"primaryImageOfPage":{"@id":"https:\/\/geopool-se.wikstrommedia.dev\/sv\/#primaryimage"},"image":{"@id":"https:\/\/geopool-se.wikstrommedia.dev\/sv\/#primaryimage"},"thumbnailUrl":"https:\/\/geopool.wikstrommedia.dev\/wp-content\/uploads\/2022\/01\/01_02_geopool.png","datePublished":"2021-11-12T14:32:23+00:00","dateModified":"2024-03-26T11:02:11+00:00","description":"At GeoPool, we offer professional services and equipment for mineral exploration and research in the Nordic countries.","breadcrumb":{"@id":"https:\/\/geopool-se.wikstrommedia.dev\/sv\/#breadcrumb"},"inLanguage":"sv-SE","potentialAction":[{"@type":"ReadAction","target":["https:\/\/geopool-se.wikstrommedia.dev\/sv\/"]}]},{"@type":"ImageObject","inLanguage":"sv-SE","@id":"https:\/\/geopool-se.wikstrommedia.dev\/sv\/#primaryimage","url":"https:\/\/geopool.wikstrommedia.dev\/wp-content\/uploads\/2022\/01\/01_02_geopool.png","contentUrl":"https:\/\/geopool.wikstrommedia.dev\/wp-content\/uploads\/2022\/01\/01_02_geopool.png"},{"@type":"BreadcrumbList","@id":"https:\/\/geopool-se.wikstrommedia.dev\/sv\/#breadcrumb","itemListElement":[{"@type":"ListItem","position":1,"name":"Home","item":"https:\/\/geopool-se.wikstrommedia.dev\/"},{"@type":"ListItem","position":2,"name":"Start"}]},{"@type":"WebSite","@id":"https:\/\/geopool-se.wikstrommedia.dev\/#website","url":"https:\/\/geopool-se.wikstrommedia.dev\/","name":"Sub site","description":"Discovering together","publisher":{"@id":"https:\/\/geopool-se.wikstrommedia.dev\/#organization"},"potentialAction":[{"@type":"SearchAction","target":{"@type":"EntryPoint","urlTemplate":"https:\/\/geopool-se.wikstrommedia.dev\/?s={search_term_string}"},"query-input":{"@type":"PropertyValueSpecification","valueRequired":true,"valueName":"search_term_string"}}],"inLanguage":"sv-SE"},{"@type":"Organization","@id":"https:\/\/geopool-se.wikstrommedia.dev\/#organization","name":"Sub site","url":"https:\/\/geopool-se.wikstrommedia.dev\/","logo":{"@type":"ImageObject","inLanguage":"sv-SE","@id":"https:\/\/geopool-se.wikstrommedia.dev\/#\/schema\/logo\/image\/","url":"https:\/\/geopool-se.wikstrommedia.dev\/wp-content\/uploads\/sites\/2\/2022\/01\/geopool_logo.svg","contentUrl":"https:\/\/geopool-se.wikstrommedia.dev\/wp-content\/uploads\/sites\/2\/2022\/01\/geopool_logo.svg","caption":"Sub site"},"image":{"@id":"https:\/\/geopool-se.wikstrommedia.dev\/#\/schema\/logo\/image\/"}}]}},"_links":{"self":[{"href":"https:\/\/geopool-se.wikstrommedia.dev\/sv\/wp-json\/wp\/v2\/pages\/509","targetHints":{"allow":["GET"]}}],"collection":[{"href":"https:\/\/geopool-se.wikstrommedia.dev\/sv\/wp-json\/wp\/v2\/pages"}],"about":[{"href":"https:\/\/geopool-se.wikstrommedia.dev\/sv\/wp-json\/wp\/v2\/types\/page"}],"author":[{"embeddable":true,"href":"https:\/\/geopool-se.wikstrommedia.dev\/sv\/wp-json\/wp\/v2\/users\/2"}],"replies":[{"embeddable":true,"href":"https:\/\/geopool-se.wikstrommedia.dev\/sv\/wp-json\/wp\/v2\/comments?post=509"}],"version-history":[{"count":0,"href":"https:\/\/geopool-se.wikstrommedia.dev\/sv\/wp-json\/wp\/v2\/pages\/509\/revisions"}],"wp:attachment":[{"href":"https:\/\/geopool-se.wikstrommedia.dev\/sv\/wp-json\/wp\/v2\/media?parent=509"}],"curies":[{"name":"wp","href":"https:\/\/api.w.org\/{rel}","templated":true}]}}