{"id":1821,"date":"2024-08-09T13:38:17","date_gmt":"2024-08-09T10:38:17","guid":{"rendered":"https:\/\/www.geopool.fi\/maanomistajalle\/"},"modified":"2024-10-24T13:36:35","modified_gmt":"2024-10-24T10:36:35","slug":"maanomistajalle","status":"publish","type":"page","link":"https:\/\/geopool-se.wikstrommedia.dev\/fi\/maanomistajalle\/","title":{"rendered":"Maanomistajalle"},"content":{"rendered":"\n<div class=\"wp-block-cover is-light py-0 wm-header -full\"><span aria-hidden=\"true\" class=\"wp-block-cover__background has-background-dim\"><\/span><img decoding=\"async\" width=\"1920\" height=\"980\" class=\"wp-block-cover__image-background wp-image-1814\" alt=\"\" src=\"https:\/\/geopool.wikstrommedia.dev\/wp-content\/uploads\/2024\/08\/mask-group-26.jpg\" data-object-fit=\"cover\" srcset=\"https:\/\/geopool-se.wikstrommedia.dev\/wp-content\/uploads\/sites\/2\/2024\/08\/mask-group-26.jpg 1920w, https:\/\/geopool-se.wikstrommedia.dev\/wp-content\/uploads\/sites\/2\/2024\/08\/mask-group-26-500x255.jpg 500w, https:\/\/geopool-se.wikstrommedia.dev\/wp-content\/uploads\/sites\/2\/2024\/08\/mask-group-26-1024x523.jpg 1024w, https:\/\/geopool-se.wikstrommedia.dev\/wp-content\/uploads\/sites\/2\/2024\/08\/mask-group-26-768x392.jpg 768w, https:\/\/geopool-se.wikstrommedia.dev\/wp-content\/uploads\/sites\/2\/2024\/08\/mask-group-26-1536x784.jpg 1536w\" sizes=\"(max-width: 1920px) 100vw, 1920px\" \/><div class=\"wp-block-cover__inner-container\">\n<div class=\"wp-block-columns wm-header -full justify-content-center row\">\n<div class=\"wp-block-column col col-md-6 col-12\">\n<h1 class=\"wp-block-heading wm-rfs-h-80\"><strong>MAAN-OMISTAJALLE<\/strong><\/h1>\n\n\n\n<p class=\"has-base-3-color has-text-color\"><strong>T\u00e4m\u00e4 osio on suunnattu sinulle, joka olet saanut <strong>GeoPoolilta<\/strong><\/strong> <strong>kirjeen tai s\u00e4hk\u00f6postia.<\/strong><\/p>\n\n\n\n<p class=\"has-base-3-color has-text-color\">N\u00e4ilt\u00e4 sivuilta l\u00f6yd\u00e4t kootusti tietoa malminetsinn\u00e4st\u00e4 ja sen lupavaiheista, maanomistajan oikeuksista ja malminetsij\u00e4n velvollisuuksista sek\u00e4 voimassa olevasta lains\u00e4\u00e4d\u00e4nn\u00f6st\u00e4. Lis\u00e4ksi tarjoamme hy\u00f6dyllisi\u00e4 linkkej\u00e4 erilaisiin oppaisiin ja verkkosivustoihin.<\/p>\n<\/div>\n\n\n\n<div class=\"wp-block-column col col-md-6 col-12\"><\/div>\n<\/div>\n\n\n\r\n    <div class=\"wm-scrollArrow\">\r\n      <a class=\"anchor-link\" href=\"#maanomistajan-tietopaketti\">\r\n        <span class=\"wm-mouseIcon\">\r\n          <span class=\"wm-mouseIcon__dot\"><\/span>\r\n          <i class=\"fal fa-arrow-down\"><\/i>\r\n        <\/span> \r\n      <\/a>\r\n    <\/div>\r\n\r\n    \n<\/div><\/div>\n\n\n\n<div id=\"maanomistajan-tietopaketti\" class=\"wp-block-group has-pattern has-pattern-top-left -left-v1 has-pattern-bottom-right -right-v1 wm-blockColor -bcCrowberry-blue\"><div class=\"wp-block-group__inner-container\">\n<div class=\"wp-block-columns row\">\n<div class=\"wp-block-column col col-md-8 col-12\">\n<h2 class=\"wp-block-heading wm-rfs-h3\">Maanomistajan tietopaketti<\/h2>\n\n\n\n<p class=\"wm-mb-6\">Roolimme on toimia asiakkaidemme (malminetsint\u00e4yhti\u00f6t) ja maanomistajien v\u00e4lisen\u00e4 linkkin\u00e4 taataksemme mahdollisimman sujuvan palvelukokonaisuuden, jotta asiakkaamme t\u00e4ytt\u00e4v\u00e4t kaikki kaivoslain vaatimukset, ja ett\u00e4 maanomistajien oikeudet toteutuvat. Opastamme asiakkaitamme vastuulliseen malminetsint\u00e4\u00e4n sek\u00e4 k\u00e4ytt\u00e4m\u00e4\u00e4n parhaita mahdollisia menetelmi\u00e4 toiminnassaan. Malminetsint\u00e4toimiala hy\u00f6tyy maanomistajien ja malminetsij\u00f6iden v\u00e4lisest\u00e4 tiiviist\u00e4 yhteisty\u00f6st\u00e4, joka edellytt\u00e4\u00e4 avointa ja selke\u00e4\u00e4 viestint\u00e4\u00e4.<\/p>\n<\/div>\n\n\n\n<div class=\"wp-block-column col col-md-4 col-12\"><\/div>\n<\/div>\n\n\n\n<div class=\"wp-block-columns row\">\n<div class=\"wp-block-column col\">    <div class=\"wm-landownerCards\">\r\n      <div class=\"row justify-content-center\"> \r\n                  <div class=\"col-12 col-sm-6 col-lg-3\">\r\n              <div class=\"wm-fullBgImage-card\">\r\n                <div class=\"wm-fullBgImage-card__background\">\r\n                    <img decoding=\"async\" width=\"327\" height=\"593\" src=\"https:\/\/geopool-se.wikstrommedia.dev\/wp-content\/uploads\/sites\/2\/2024\/08\/group-14109.jpg\" class=\"attachment-full size-full wp-post-image\" alt=\"\" srcset=\"https:\/\/geopool-se.wikstrommedia.dev\/wp-content\/uploads\/sites\/2\/2024\/08\/group-14109.jpg 327w, https:\/\/geopool-se.wikstrommedia.dev\/wp-content\/uploads\/sites\/2\/2024\/08\/group-14109-276x500.jpg 276w\" sizes=\"(max-width: 327px) 100vw, 327px\" \/>                    <h4>Yleist\u00e4 malminetsinn\u00e4st\u00e4 ja maastot\u00f6ist\u00e4<\/h4>\r\n                <\/div>\r\n                <div class=\"wp-block-buttons\">\r\n                    <div class=\"wp-block-button\">\r\n                      <a class=\"wp-block-button__link\" href=\"https:\/\/geopool-se.wikstrommedia.dev\/fi\/maanomistajalle\/yleista-malminetsinnasta-ja-maastotoista\/\">Lue lis\u00e4\u00e4<\/a> \r\n                    <\/div> \r\n                  <\/div>\r\n              <\/div>\r\n          <\/div>\r\n                    <div class=\"col-12 col-sm-6 col-lg-3\">\r\n              <div class=\"wm-fullBgImage-card\">\r\n                <div class=\"wm-fullBgImage-card__background\">\r\n                    <img decoding=\"async\" width=\"327\" height=\"593\" src=\"https:\/\/geopool-se.wikstrommedia.dev\/wp-content\/uploads\/sites\/2\/2024\/08\/group-14110.jpg\" class=\"attachment-full size-full wp-post-image\" alt=\"\" srcset=\"https:\/\/geopool-se.wikstrommedia.dev\/wp-content\/uploads\/sites\/2\/2024\/08\/group-14110.jpg 327w, https:\/\/geopool-se.wikstrommedia.dev\/wp-content\/uploads\/sites\/2\/2024\/08\/group-14110-276x500.jpg 276w\" sizes=\"(max-width: 327px) 100vw, 327px\" \/>                    <h4>Malminetsint\u00e4 ja kaivoslaki<\/h4>\r\n                <\/div>\r\n                <div class=\"wp-block-buttons\">\r\n                    <div class=\"wp-block-button\">\r\n                      <a class=\"wp-block-button__link\" href=\"https:\/\/geopool-se.wikstrommedia.dev\/fi\/maanomistajalle\/malminetsinta-ja-kaivoslaki\/\">Lue lis\u00e4\u00e4<\/a> \r\n                    <\/div> \r\n                  <\/div>\r\n              <\/div>\r\n          <\/div>\r\n                    <div class=\"col-12 col-sm-6 col-lg-3\">\r\n              <div class=\"wm-fullBgImage-card\">\r\n                <div class=\"wm-fullBgImage-card__background\">\r\n                    <img decoding=\"async\" width=\"327\" height=\"593\" src=\"https:\/\/geopool-se.wikstrommedia.dev\/wp-content\/uploads\/sites\/2\/2024\/08\/group-14111.jpg\" class=\"attachment-full size-full wp-post-image\" alt=\"\" srcset=\"https:\/\/geopool-se.wikstrommedia.dev\/wp-content\/uploads\/sites\/2\/2024\/08\/group-14111.jpg 327w, https:\/\/geopool-se.wikstrommedia.dev\/wp-content\/uploads\/sites\/2\/2024\/08\/group-14111-276x500.jpg 276w\" sizes=\"(max-width: 327px) 100vw, 327px\" \/>                    <h4>Usein esitetyt kysymykset<\/h4>\r\n                <\/div>\r\n                <div class=\"wp-block-buttons\">\r\n                    <div class=\"wp-block-button\">\r\n                      <a class=\"wp-block-button__link\" href=\"https:\/\/geopool-se.wikstrommedia.dev\/fi\/maanomistajalle\/usein-esitetyt-kysymykset\/\">Lue lis\u00e4\u00e4<\/a> \r\n                    <\/div> \r\n                  <\/div>\r\n              <\/div>\r\n          <\/div>\r\n                    <div class=\"col-12 col-sm-6 col-lg-3\">\r\n              <div class=\"wm-fullBgImage-card\">\r\n                <div class=\"wm-fullBgImage-card__background\">\r\n                    <img decoding=\"async\" width=\"327\" height=\"593\" src=\"https:\/\/geopool-se.wikstrommedia.dev\/wp-content\/uploads\/sites\/2\/2024\/08\/group-14112.jpg\" class=\"attachment-full size-full wp-post-image\" alt=\"\" srcset=\"https:\/\/geopool-se.wikstrommedia.dev\/wp-content\/uploads\/sites\/2\/2024\/08\/group-14112.jpg 327w, https:\/\/geopool-se.wikstrommedia.dev\/wp-content\/uploads\/sites\/2\/2024\/08\/group-14112-276x500.jpg 276w\" sizes=\"(max-width: 327px) 100vw, 327px\" \/>                    <h4>Henkil\u00f6tietojen k\u00e4sittely GeoPoolissa<\/h4>\r\n                <\/div>\r\n                <div class=\"wp-block-buttons\">\r\n                    <div class=\"wp-block-button\">\r\n                      <a class=\"wp-block-button__link\" href=\"https:\/\/geopool-se.wikstrommedia.dev\/fi\/maanomistajalle\/henkilotietojen-kasittely-geopoolissa\/\">Lue lis\u00e4\u00e4<\/a> \r\n                    <\/div> \r\n                  <\/div>\r\n              <\/div>\r\n          <\/div>\r\n                <\/div>\r\n    <\/div>    \r\n    \n<\/div>\n<\/div>\n<\/div><\/div>\n\n\n\n<div class=\"wp-block-group wm-blockColor -bcOpal wm-pt-12 pb-0\"><div class=\"wp-block-group__inner-container\">\n<div class=\"wp-block-columns align-items-end gx-4 row\">\n<div class=\"wp-block-column col col-md-6 col-12\">\n<h2 class=\"wp-block-heading wm-rfs-h3\">Yhteydenotto kirjeitse, s\u00e4hk\u00f6postitse tai puhelimitse<\/h2>\n\n\n\r\n<div class=\"wm-pb-12\"> \r\n    \n\n<p>Maanomistajien ja malminetsij\u00e4n v\u00e4linen vuorovaikutus on keskeist\u00e4 kaikessa malminetsint\u00e4toiminnassa. Olemme sinuun yhteydess\u00e4, jos kiinteist\u00f6si sijaitsee asiakkaamme varausilmoitus-, malminetsint\u00e4lupa- tai kaivoslupa-alueella.<\/p>\n\n\n\n<p>Yhteydenottomme koskee tavallisimmin korvausasioita, maastoty\u00f6suunnitelmia, ja n\u00e4ihin liittyv\u00e4\u00e4 selvitt\u00e4mist\u00e4 tai sopimista.<\/p>\n\n\n\n<p>Yhteydenotto tapahtuu joko kirjeitse GeoPool Oy:n nimiss\u00e4, s\u00e4hk\u00f6postitse osoitteesta lupaasiat@geopool.fi tai puhelimitse. GeoPoolin p\u00e4ivystyspuhelin vastaa maanomistajien kysymyksiin <strong>arkisin klo 9\u221215, puh. 040 129 3415.<\/strong><\/p>\n\n \r\n<\/div><\/div>\n\n\n\n<div class=\"wp-block-column col col-md-6 col-12\">\n<figure class=\"wp-block-image size-full mb-0\"><img decoding=\"async\" width=\"700\" height=\"611\" src=\"https:\/\/geopool.wikstrommedia.dev\/wp-content\/uploads\/2024\/08\/yhteydenotto-geopool.png\" alt=\"\" class=\"wp-image-2007\" srcset=\"https:\/\/geopool-se.wikstrommedia.dev\/wp-content\/uploads\/sites\/2\/2024\/08\/yhteydenotto-geopool.png 700w, https:\/\/geopool-se.wikstrommedia.dev\/wp-content\/uploads\/sites\/2\/2024\/08\/yhteydenotto-geopool-500x436.png 500w\" sizes=\"(max-width: 700px) 100vw, 700px\" \/><\/figure>\n<\/div>\n<\/div>\n<\/div><\/div>\n","protected":false},"excerpt":{"rendered":"<p>Maanomistajan tietopaketti Roolimme on toimia asiakkaidemme (malminetsint\u00e4yhti\u00f6t) ja maanomistajien v\u00e4lisen\u00e4 linkkin\u00e4 taataksemme mahdollisimman sujuvan palvelukokonaisuuden, jotta asiakkaamme t\u00e4ytt\u00e4v\u00e4t kaikki kaivoslain vaatimukset, ja ett\u00e4 maanomistajien oikeudet toteutuvat. Opastamme asiakkaitamme vastuulliseen malminetsint\u00e4\u00e4n sek\u00e4 k\u00e4ytt\u00e4m\u00e4\u00e4n parhaita mahdollisia menetelmi\u00e4 toiminnassaan. Malminetsint\u00e4toimiala hy\u00f6tyy maanomistajien ja malminetsij\u00f6iden v\u00e4lisest\u00e4 tiiviist\u00e4 yhteisty\u00f6st\u00e4, joka edellytt\u00e4\u00e4 avointa ja selke\u00e4\u00e4 viestint\u00e4\u00e4. Yhteydenotto kirjeitse, s\u00e4hk\u00f6postitse tai puhelimitse<\/p>\n","protected":false},"author":2,"featured_media":0,"parent":0,"menu_order":0,"comment_status":"closed","ping_status":"closed","template":"","meta":{"inline_featured_image":false,"footnotes":""},"class_list":["post-1821","page","type-page","status-publish"],"yoast_head":"<!-- This site is optimized with the Yoast SEO plugin v24.3 - https:\/\/yoast.com\/wordpress\/plugins\/seo\/ -->\n<title>Maanomistajalle - Sub site<\/title>\n<meta name=\"robots\" content=\"index, follow, max-snippet:-1, max-image-preview:large, max-video-preview:-1\" \/>\n<link rel=\"canonical\" href=\"https:\/\/geopool-se.wikstrommedia.dev\/fi\/maanomistajalle\/\" \/>\n<meta property=\"og:locale\" content=\"fi_FI\" \/>\n<meta property=\"og:type\" content=\"article\" \/>\n<meta property=\"og:title\" content=\"Maanomistajalle - Sub site\" \/>\n<meta property=\"og:description\" content=\"Maanomistajan tietopaketti Roolimme on toimia asiakkaidemme (malminetsint\u00e4yhti\u00f6t) ja maanomistajien v\u00e4lisen\u00e4 linkkin\u00e4 taataksemme mahdollisimman sujuvan palvelukokonaisuuden, jotta asiakkaamme t\u00e4ytt\u00e4v\u00e4t kaikki kaivoslain vaatimukset, ja ett\u00e4 maanomistajien oikeudet toteutuvat. Opastamme asiakkaitamme vastuulliseen malminetsint\u00e4\u00e4n sek\u00e4 k\u00e4ytt\u00e4m\u00e4\u00e4n parhaita mahdollisia menetelmi\u00e4 toiminnassaan. Malminetsint\u00e4toimiala hy\u00f6tyy maanomistajien ja malminetsij\u00f6iden v\u00e4lisest\u00e4 tiiviist\u00e4 yhteisty\u00f6st\u00e4, joka edellytt\u00e4\u00e4 avointa ja selke\u00e4\u00e4 viestint\u00e4\u00e4. Yhteydenotto kirjeitse, s\u00e4hk\u00f6postitse tai puhelimitse\" \/>\n<meta property=\"og:url\" content=\"https:\/\/geopool-se.wikstrommedia.dev\/fi\/maanomistajalle\/\" \/>\n<meta property=\"og:site_name\" content=\"Sub site\" \/>\n<meta property=\"article:modified_time\" content=\"2024-10-24T10:36:35+00:00\" \/>\n<meta property=\"og:image\" content=\"https:\/\/geopool.wikstrommedia.dev\/wp-content\/uploads\/2024\/08\/mask-group-26.jpg\" \/>\n<meta name=\"twitter:card\" content=\"summary_large_image\" \/>\n<meta name=\"twitter:label1\" content=\"Arvioitu lukuaika\" \/>\n\t<meta name=\"twitter:data1\" content=\"1 minuutti\" \/>\n<script type=\"application\/ld+json\" class=\"yoast-schema-graph\">{\"@context\":\"https:\/\/schema.org\",\"@graph\":[{\"@type\":\"WebPage\",\"@id\":\"https:\/\/geopool-se.wikstrommedia.dev\/fi\/maanomistajalle\/\",\"url\":\"https:\/\/geopool-se.wikstrommedia.dev\/fi\/maanomistajalle\/\",\"name\":\"Maanomistajalle - Sub site\",\"isPartOf\":{\"@id\":\"https:\/\/geopool-se.wikstrommedia.dev\/#website\"},\"primaryImageOfPage\":{\"@id\":\"https:\/\/geopool-se.wikstrommedia.dev\/fi\/maanomistajalle\/#primaryimage\"},\"image\":{\"@id\":\"https:\/\/geopool-se.wikstrommedia.dev\/fi\/maanomistajalle\/#primaryimage\"},\"thumbnailUrl\":\"https:\/\/geopool.wikstrommedia.dev\/wp-content\/uploads\/2024\/08\/mask-group-26.jpg\",\"datePublished\":\"2024-08-09T10:38:17+00:00\",\"dateModified\":\"2024-10-24T10:36:35+00:00\",\"breadcrumb\":{\"@id\":\"https:\/\/geopool-se.wikstrommedia.dev\/fi\/maanomistajalle\/#breadcrumb\"},\"inLanguage\":\"fi\",\"potentialAction\":[{\"@type\":\"ReadAction\",\"target\":[\"https:\/\/geopool-se.wikstrommedia.dev\/fi\/maanomistajalle\/\"]}]},{\"@type\":\"ImageObject\",\"inLanguage\":\"fi\",\"@id\":\"https:\/\/geopool-se.wikstrommedia.dev\/fi\/maanomistajalle\/#primaryimage\",\"url\":\"https:\/\/geopool.wikstrommedia.dev\/wp-content\/uploads\/2024\/08\/mask-group-26.jpg\",\"contentUrl\":\"https:\/\/geopool.wikstrommedia.dev\/wp-content\/uploads\/2024\/08\/mask-group-26.jpg\"},{\"@type\":\"BreadcrumbList\",\"@id\":\"https:\/\/geopool-se.wikstrommedia.dev\/fi\/maanomistajalle\/#breadcrumb\",\"itemListElement\":[{\"@type\":\"ListItem\",\"position\":1,\"name\":\"Home\",\"item\":\"https:\/\/geopool-se.wikstrommedia.dev\/\"},{\"@type\":\"ListItem\",\"position\":2,\"name\":\"Maanomistajalle\"}]},{\"@type\":\"WebSite\",\"@id\":\"https:\/\/geopool-se.wikstrommedia.dev\/#website\",\"url\":\"https:\/\/geopool-se.wikstrommedia.dev\/\",\"name\":\"Sub site\",\"description\":\"Discovering together\",\"publisher\":{\"@id\":\"https:\/\/geopool-se.wikstrommedia.dev\/#organization\"},\"potentialAction\":[{\"@type\":\"SearchAction\",\"target\":{\"@type\":\"EntryPoint\",\"urlTemplate\":\"https:\/\/geopool-se.wikstrommedia.dev\/?s={search_term_string}\"},\"query-input\":{\"@type\":\"PropertyValueSpecification\",\"valueRequired\":true,\"valueName\":\"search_term_string\"}}],\"inLanguage\":\"fi\"},{\"@type\":\"Organization\",\"@id\":\"https:\/\/geopool-se.wikstrommedia.dev\/#organization\",\"name\":\"Sub site\",\"url\":\"https:\/\/geopool-se.wikstrommedia.dev\/\",\"logo\":{\"@type\":\"ImageObject\",\"inLanguage\":\"fi\",\"@id\":\"https:\/\/geopool-se.wikstrommedia.dev\/#\/schema\/logo\/image\/\",\"url\":\"https:\/\/geopool-se.wikstrommedia.dev\/wp-content\/uploads\/sites\/2\/2022\/01\/geopool_logo.svg\",\"contentUrl\":\"https:\/\/geopool-se.wikstrommedia.dev\/wp-content\/uploads\/sites\/2\/2022\/01\/geopool_logo.svg\",\"caption\":\"Sub site\"},\"image\":{\"@id\":\"https:\/\/geopool-se.wikstrommedia.dev\/#\/schema\/logo\/image\/\"}}]}<\/script>\n<!-- \/ Yoast SEO plugin. -->","yoast_head_json":{"title":"Maanomistajalle - Sub site","robots":{"index":"index","follow":"follow","max-snippet":"max-snippet:-1","max-image-preview":"max-image-preview:large","max-video-preview":"max-video-preview:-1"},"canonical":"https:\/\/geopool-se.wikstrommedia.dev\/fi\/maanomistajalle\/","og_locale":"fi_FI","og_type":"article","og_title":"Maanomistajalle - Sub site","og_description":"Maanomistajan tietopaketti Roolimme on toimia asiakkaidemme (malminetsint\u00e4yhti\u00f6t) ja maanomistajien v\u00e4lisen\u00e4 linkkin\u00e4 taataksemme mahdollisimman sujuvan palvelukokonaisuuden, jotta asiakkaamme t\u00e4ytt\u00e4v\u00e4t kaikki kaivoslain vaatimukset, ja ett\u00e4 maanomistajien oikeudet toteutuvat. Opastamme asiakkaitamme vastuulliseen malminetsint\u00e4\u00e4n sek\u00e4 k\u00e4ytt\u00e4m\u00e4\u00e4n parhaita mahdollisia menetelmi\u00e4 toiminnassaan. Malminetsint\u00e4toimiala hy\u00f6tyy maanomistajien ja malminetsij\u00f6iden v\u00e4lisest\u00e4 tiiviist\u00e4 yhteisty\u00f6st\u00e4, joka edellytt\u00e4\u00e4 avointa ja selke\u00e4\u00e4 viestint\u00e4\u00e4. Yhteydenotto kirjeitse, s\u00e4hk\u00f6postitse tai puhelimitse","og_url":"https:\/\/geopool-se.wikstrommedia.dev\/fi\/maanomistajalle\/","og_site_name":"Sub site","article_modified_time":"2024-10-24T10:36:35+00:00","og_image":[{"url":"https:\/\/geopool.wikstrommedia.dev\/wp-content\/uploads\/2024\/08\/mask-group-26.jpg","type":"","width":"","height":""}],"twitter_card":"summary_large_image","twitter_misc":{"Arvioitu lukuaika":"1 minuutti"},"schema":{"@context":"https:\/\/schema.org","@graph":[{"@type":"WebPage","@id":"https:\/\/geopool-se.wikstrommedia.dev\/fi\/maanomistajalle\/","url":"https:\/\/geopool-se.wikstrommedia.dev\/fi\/maanomistajalle\/","name":"Maanomistajalle - Sub site","isPartOf":{"@id":"https:\/\/geopool-se.wikstrommedia.dev\/#website"},"primaryImageOfPage":{"@id":"https:\/\/geopool-se.wikstrommedia.dev\/fi\/maanomistajalle\/#primaryimage"},"image":{"@id":"https:\/\/geopool-se.wikstrommedia.dev\/fi\/maanomistajalle\/#primaryimage"},"thumbnailUrl":"https:\/\/geopool.wikstrommedia.dev\/wp-content\/uploads\/2024\/08\/mask-group-26.jpg","datePublished":"2024-08-09T10:38:17+00:00","dateModified":"2024-10-24T10:36:35+00:00","breadcrumb":{"@id":"https:\/\/geopool-se.wikstrommedia.dev\/fi\/maanomistajalle\/#breadcrumb"},"inLanguage":"fi","potentialAction":[{"@type":"ReadAction","target":["https:\/\/geopool-se.wikstrommedia.dev\/fi\/maanomistajalle\/"]}]},{"@type":"ImageObject","inLanguage":"fi","@id":"https:\/\/geopool-se.wikstrommedia.dev\/fi\/maanomistajalle\/#primaryimage","url":"https:\/\/geopool.wikstrommedia.dev\/wp-content\/uploads\/2024\/08\/mask-group-26.jpg","contentUrl":"https:\/\/geopool.wikstrommedia.dev\/wp-content\/uploads\/2024\/08\/mask-group-26.jpg"},{"@type":"BreadcrumbList","@id":"https:\/\/geopool-se.wikstrommedia.dev\/fi\/maanomistajalle\/#breadcrumb","itemListElement":[{"@type":"ListItem","position":1,"name":"Home","item":"https:\/\/geopool-se.wikstrommedia.dev\/"},{"@type":"ListItem","position":2,"name":"Maanomistajalle"}]},{"@type":"WebSite","@id":"https:\/\/geopool-se.wikstrommedia.dev\/#website","url":"https:\/\/geopool-se.wikstrommedia.dev\/","name":"Sub site","description":"Discovering together","publisher":{"@id":"https:\/\/geopool-se.wikstrommedia.dev\/#organization"},"potentialAction":[{"@type":"SearchAction","target":{"@type":"EntryPoint","urlTemplate":"https:\/\/geopool-se.wikstrommedia.dev\/?s={search_term_string}"},"query-input":{"@type":"PropertyValueSpecification","valueRequired":true,"valueName":"search_term_string"}}],"inLanguage":"fi"},{"@type":"Organization","@id":"https:\/\/geopool-se.wikstrommedia.dev\/#organization","name":"Sub site","url":"https:\/\/geopool-se.wikstrommedia.dev\/","logo":{"@type":"ImageObject","inLanguage":"fi","@id":"https:\/\/geopool-se.wikstrommedia.dev\/#\/schema\/logo\/image\/","url":"https:\/\/geopool-se.wikstrommedia.dev\/wp-content\/uploads\/sites\/2\/2022\/01\/geopool_logo.svg","contentUrl":"https:\/\/geopool-se.wikstrommedia.dev\/wp-content\/uploads\/sites\/2\/2022\/01\/geopool_logo.svg","caption":"Sub site"},"image":{"@id":"https:\/\/geopool-se.wikstrommedia.dev\/#\/schema\/logo\/image\/"}}]}},"_links":{"self":[{"href":"https:\/\/geopool-se.wikstrommedia.dev\/fi\/wp-json\/wp\/v2\/pages\/1821","targetHints":{"allow":["GET"]}}],"collection":[{"href":"https:\/\/geopool-se.wikstrommedia.dev\/fi\/wp-json\/wp\/v2\/pages"}],"about":[{"href":"https:\/\/geopool-se.wikstrommedia.dev\/fi\/wp-json\/wp\/v2\/types\/page"}],"author":[{"embeddable":true,"href":"https:\/\/geopool-se.wikstrommedia.dev\/fi\/wp-json\/wp\/v2\/users\/2"}],"replies":[{"embeddable":true,"href":"https:\/\/geopool-se.wikstrommedia.dev\/fi\/wp-json\/wp\/v2\/comments?post=1821"}],"version-history":[{"count":0,"href":"https:\/\/geopool-se.wikstrommedia.dev\/fi\/wp-json\/wp\/v2\/pages\/1821\/revisions"}],"wp:attachment":[{"href":"https:\/\/geopool-se.wikstrommedia.dev\/fi\/wp-json\/wp\/v2\/media?parent=1821"}],"curies":[{"name":"wp","href":"https:\/\/api.w.org\/{rel}","templated":true}]}}